{"id":26,"date":"2021-05-06T08:33:29","date_gmt":"2021-05-06T06:33:29","guid":{"rendered":"http:\/\/hasici2.ledecns.cz\/?page_id=26"},"modified":"2024-06-10T16:07:22","modified_gmt":"2024-06-10T14:07:22","slug":"ochrana-obyvatelstva","status":"publish","type":"page","link":"https:\/\/hasici.ledecns.cz\/?page_id=26","title":{"rendered":"Ochrana obyvatelstva"},"content":{"rendered":"<h2>Telefonn\u00ed \u010d\u00edsla t\u00eds\u0148ov\u00e9ho vol\u00e1n\u00ed<\/h2>\n<h3>150 \u2013 Hasi\u010dsk\u00fd z\u00e1chrann\u00fd sbor \u010cR<\/h3>\n<p>Zjist\u00edte-li mimo\u0159\u00e1dnou ud\u00e1lost (po\u017e\u00e1r, hav\u00e1rii s \u00fanikem nebezpe\u010dn\u00e9 l\u00e1tky\u2026), kter\u00e1 ohro\u017euje osoby, majetek nebo \u017eivotn\u00ed prost\u0159ed\u00ed, okam\u017eit\u011b volejte telefonn\u00ed \u010d\u00edslo <b>150 \u2013 Hasi\u010dsk\u00fd z\u00e1chrann\u00fd sbor \u010cR<\/b>.<\/p>\n<h3>155 \u2013 Zdravotnick\u00e1 z\u00e1chrann\u00e1 slu\u017eba<\/h3>\n<p>Pomoc zdravotnick\u00e9 z\u00e1chrann\u00e9 slu\u017eby se vy\u017eaduje p\u0159i v\u0161ech stavech ohro\u017euj\u00edc\u00edch \u017eivot. P\u0159ivol\u00e1v\u00e1 se prost\u0159ednictv\u00edm telefonn\u00edho \u010d\u00edsla<br \/>\n<b>155 \u2013 Zdravotnick\u00e1 z\u00e1chrann\u00e1 slu\u017eba<\/b>.<\/p>\n<h3>158 \u2013 Policie \u010cR<\/h3>\n<p>Pokud jste sv\u011bdky dopravn\u00ed nehody nebo sp\u00e1ch\u00e1n\u00ed trestn\u00e9ho \u010dinu, volejte telefonn\u00ed \u010d\u00edslo <b>158 \u2013 Policie \u010cR<\/b><\/p>\n<p><b>Jednotn\u00e9 evropsk\u00e9 \u010d\u00edslo t\u00eds\u0148ov\u00e9ho vol\u00e1n\u00ed 112<\/b> je ur\u010deno p\u0159edev\u0161\u00edm pro cizince a pro t\u00eds\u0148ov\u00e9 vol\u00e1n\u00ed p\u0159i rozs\u00e1hl\u00fdch mimo\u0159\u00e1dn\u00fdch ud\u00e1lostech.<\/p>\n<h3>P\u0159i p\u0159ed\u00e1v\u00e1n\u00ed zpr\u00e1vy na telefonn\u00ed \u010d\u00edsla t\u00eds\u0148ov\u00e9ho vol\u00e1n\u00ed uve\u010fte<\/h3>\n<ul>\n<li>co se stalo<\/li>\n<li>kde se to stalo<\/li>\n<li>sv\u00e9 jm\u00e9no a \u010d\u00edslo telefonu, odkud vol\u00e1te<\/li>\n<\/ul>\n<p>Po ukon\u010den\u00ed hovoru vy\u010dkejte na zp\u011btn\u00fd telefon\u00e1t, kter\u00fdm si opera\u010dn\u00ed pracovn\u00edk ov\u011b\u0159\u00ed pravdivost nahl\u00e1\u0161en\u00e9 zpr\u00e1vy.<\/p>\n<h2>Sir\u00e9ny<\/h2>\n<ul>\n<li>V\u00fdstraha<\/li>\n<\/ul>\n<audio class=\"wp-audio-shortcode\" id=\"audio-26-1\" preload=\"none\" style=\"width: 100%;\" controls=\"controls\"><source type=\"audio\/mpeg\" src=\"https:\/\/hasici.ledecns.cz\/wp-content\/uploads\/2021\/05\/vystraha.mp3?_=1\" \/><a href=\"https:\/\/hasici.ledecns.cz\/wp-content\/uploads\/2021\/05\/vystraha.mp3\">https:\/\/hasici.ledecns.cz\/wp-content\/uploads\/2021\/05\/vystraha.mp3<\/a><\/audio>\n<ul>\n<li>Po\u017e\u00e1r<\/li>\n<\/ul>\n<audio class=\"wp-audio-shortcode\" id=\"audio-26-2\" preload=\"none\" style=\"width: 100%;\" controls=\"controls\"><source type=\"audio\/mpeg\" src=\"https:\/\/hasici.ledecns.cz\/wp-content\/uploads\/2021\/05\/pozar.mp3?_=2\" \/><a href=\"https:\/\/hasici.ledecns.cz\/wp-content\/uploads\/2021\/05\/pozar.mp3\">https:\/\/hasici.ledecns.cz\/wp-content\/uploads\/2021\/05\/pozar.mp3<\/a><\/audio>\n<ul>\n<li>Zkou\u0161ka<\/li>\n<\/ul>\n<audio class=\"wp-audio-shortcode\" id=\"audio-26-3\" preload=\"none\" style=\"width: 100%;\" controls=\"controls\"><source type=\"audio\/mpeg\" src=\"https:\/\/hasici.ledecns.cz\/wp-content\/uploads\/2021\/05\/zkouska.mp3?_=3\" \/><a href=\"https:\/\/hasici.ledecns.cz\/wp-content\/uploads\/2021\/05\/zkouska.mp3\">https:\/\/hasici.ledecns.cz\/wp-content\/uploads\/2021\/05\/zkouska.mp3<\/a><\/audio>\n<h2>Varovn\u00fd sign\u00e1l<\/h2>\n<p>Obyvatelstvo je v p\u0159\u00edpad\u011b hrozby nebo vzniku mimo\u0159\u00e1dn\u00e9 ud\u00e1losti varov\u00e1no p\u0159edev\u0161\u00edm prost\u0159ednictv\u00edm varovn\u00e9ho sign\u00e1lu <b>V\u0160EOBECN\u00c1 V\u00ddSTRAHA<\/b>. Tento sign\u00e1l je vyhla\u0161ov\u00e1n <b>kol\u00edsav\u00fdm t\u00f3nem sir\u00e9ny po dobu 140\u00a0vte\u0159in<\/b> a m\u016f\u017ee zazn\u00edt t\u0159ikr\u00e1t po sob\u011b v cca t\u0159\u00edminutov\u00fdch intervalech. Obyvatelstvo je n\u00e1sledn\u011b informov\u00e1no nap\u0159. rozhlasem, televiz\u00ed, m\u00edstn\u00edm rozhlasem, tzv. mluv\u00edc\u00edmi sir\u00e9nami, vozidly slo\u017eek integrovan\u00e9ho z\u00e1chrann\u00e9ho syst\u00e9mu nebo jin\u00fdm zp\u016fsobem o\u00a0tom, co se stalo a co se m\u00e1 v\u00a0takov\u00e9m p\u0159\u00edpad\u011b d\u011blat.<\/p>\n<p>Krom\u011b varovn\u00e9ho sign\u00e1lu \u201eV\u0161eobecn\u00e1 v\u00fdstraha\u201c existuje v \u010cesk\u00e9 republice je\u0161t\u011b sign\u00e1l <i>\u201ePo\u017e\u00e1rn\u00ed poplach\u201c<\/i>. Tento sign\u00e1l je vyhla\u0161ov\u00e1n p\u0159eru\u0161ovan\u00fdm t\u00f3nem sir\u00e9ny po dobu 1\u00a0minuty (25\u00a0vte\u0159in trval\u00fd t\u00f3n, 10\u00a0vte\u0159in p\u0159est\u00e1vka, 25\u00a0vte\u0159in trval\u00fd t\u00f3n). Vyhla\u0161uje se za \u00fa\u010delem svol\u00e1n\u00ed jednotek po\u017e\u00e1rn\u00ed ochrany. Sign\u00e1l \u201ePo\u017e\u00e1rn\u00ed poplach\u201c vyhla\u0161ovan\u00fd elektronickou sir\u00e9nou napodobuje hlas trubky troub\u00edc\u00ed t\u00f3n \u201eHO-\u0158\u00cd\u201c, \u201eHO-\u0158\u00cd\u201c\u2026 po dobu jedn\u00e9 minuty.<\/p>\n<p><i>Ov\u011b\u0159ov\u00e1n\u00ed provozuschopnosti syst\u00e9mu varov\u00e1n\u00ed a vyrozum\u011bn\u00ed<\/i> se prov\u00e1d\u00ed zpravidla ka\u017edou prvn\u00ed st\u0159edu v\u00a0m\u011bs\u00edci ve 12\u00a0hodin akustickou zkou\u0161kou koncov\u00fdch prvk\u016f varov\u00e1n\u00ed zku\u0161ebn\u00edm t\u00f3nem (nep\u0159eru\u0161ovan\u00fd t\u00f3n sir\u00e9ny po dobu 140\u00a0vte\u0159in). O\u00a0t\u00e9to skute\u010dnosti se obyvatel\u00e9 dozv\u00ed z\u00a0hromadn\u00fdch informa\u010dn\u00edch prost\u0159edk\u016f.<\/p>\n<h3>Kdy\u017e zazn\u00ed sir\u00e9na kol\u00edsav\u00fdm t\u00f3nem<\/h3>\n<p>N\u00ed\u017ee uveden\u00e9 pokyny plat\u00ed jen tehdy, pokud zjevn\u011b nejde o povode\u0148 nebo zem\u011bt\u0159esen\u00ed.<\/p>\n<ol>\n<li>OKAM\u017dIT\u011a SE UKRYJTE<br \/>\nVyhledejte ukryt\u00ed v nejbli\u017e\u0161\u00ed budov\u011b. Tou m\u016f\u017ee b\u00fdt v\u00fdrobn\u00ed z\u00e1vod, \u00fa\u0159ad, kancel\u00e1\u0159, obchod, ve\u0159ejn\u00e1 budova i soukrom\u00fd d\u016fm. Jestli\u017ee cestujete automobilem a usly\u0161\u00edte varovn\u00fd sign\u00e1l, zaparkujte automobil a vyhledejte ukryt\u00ed v nejbli\u017e\u0161\u00ed budov\u011b.<\/li>\n<li>ZAV\u0158ETE DVE\u0158E A OKNA<br \/>\nKdy\u017e jste v budov\u011b, zav\u0159ete dve\u0159e a okna. Sir\u00e9na m\u016f\u017ee s velkou pravd\u011bpodobnost\u00ed signalizovat \u00fanik toxick\u00fdch l\u00e1tek, plyn\u016f, radia\u010dn\u00edch zplodin a jed\u016f. Uzav\u0159en\u00edm prostoru sn\u00ed\u017e\u00edte pravd\u011bpodobnost vlastn\u00edho zamo\u0159en\u00ed.<\/li>\n<li>ZAPN\u011aTE R\u00c1DIO, TELEVIZI, WEB Hasi\u010di, Lede\u010d<br \/>\nInformace o tom, co se stalo, pro\u010d byla spu\u0161t\u011bna sir\u00e9na a varov\u00e1no obyvatelstvo a co d\u011blat d\u00e1le, usly\u0161\u00edte v mimo\u0159\u00e1dn\u00fdch zpravodajstv\u00edch hromadn\u00fdch informa\u010dn\u00edch prost\u0159edk\u016f. V p\u0159\u00edpad\u011b v\u00fdpadku elektrick\u00e9ho proudu vyu\u017eijte p\u0159enosn\u00fd radiop\u0159ij\u00edma\u010d na baterie. Tyto informace jsou sd\u011blov\u00e1ny i obecn\u00edm rozhlasem, pop\u0159. elektronick\u00fdmi sir\u00e9nami.<\/li>\n<\/ol>\n<p>Dal\u0161\u00ed a podrobn\u011bj\u0161\u00ed informace viz na <a href=\"http:\/\/www.mvcr.cz\">www.mvcr.cz<\/a>.<\/p>\n<h2><a href=\"http:\/\/hasici2.ledecns.cz\/wp-content\/uploads\/2021\/05\/CZ.pdf\">Pro p\u0159\u00edpad ohro\u017een\u00ed &#8211; p\u0159\u00edru\u010dka pro obyvatele<\/a><\/h2>\n<p>P\u0159\u00edru\u010dka obsahuje n\u011bkter\u00e9 obecn\u00e9 n\u00e1vody a doporu\u010den\u00ed, podle kter\u00fdch bychom se m\u011bli chovat a jednat, kdy\u017e se ocitneme v situaci ohro\u017een\u00ed \u017eivota a zdrav\u00ed, majetku nebo \u017eivotn\u00edho prost\u0159ed\u00ed v d\u016fsledku vzniku mimo\u0159\u00e1dn\u00e9 ud\u00e1losti.<\/p>\n<p>Vydalo ji Gener\u00e1ln\u00edho \u0159editelstv\u00ed Hasi\u010dsk\u00e9ho z\u00e1chrann\u00e9ho sboru \u010cesk\u00e9 republiky a spolu s dal\u0161\u00edmi informacemi je dostupn\u00e1 rovn\u011b\u017e na jejich webov\u00fdch <a href=\"http:\/\/www.hzscr.cz\/clanek\/prirucky.aspx\">str\u00e1nk\u00e1ch<\/a><\/p>\n<p><small>P\u0159evzato z\u00a0<a href=\"http:\/\/www.mvcr.cz\">www.mvcr.cz<\/a><\/small><\/p>\n<p><!-- middle --><\/p>\n<p><!-- left-mid --><\/p>\n<div class=\"right\">\n<p>&nbsp;<\/p>\n<\/div>\n<p><!-- right --><\/p>\n<p><!-- content --><br \/>\n<!--?php ads(); footer(); ?--><\/p>\n<p><!-- main --><\/p>\n","protected":false},"excerpt":{"rendered":"<p>Telefonn\u00ed \u010d\u00edsla t\u00eds\u0148ov\u00e9ho vol\u00e1n\u00ed 150 \u2013 Hasi\u010dsk\u00fd z\u00e1chrann\u00fd sbor \u010cR Zjist\u00edte-li mimo\u0159\u00e1dnou ud\u00e1lost (po\u017e\u00e1r, hav\u00e1rii s \u00fanikem nebezpe\u010dn\u00e9 l\u00e1tky\u2026), kter\u00e1 ohro\u017euje osoby, majetek nebo \u017eivotn\u00ed prost\u0159ed\u00ed, okam\u017eit\u011b volejte telefonn\u00ed \u010d\u00edslo 150 \u2013 Hasi\u010dsk\u00fd z\u00e1chrann\u00fd sbor \u010cR. 155 \u2013 Zdravotnick\u00e1 z\u00e1chrann\u00e1&hellip; <br \/><a class=\"read-more-button\" href=\"https:\/\/hasici.ledecns.cz\/?page_id=26\">\u010c\u00edst v\u00edce<\/a><\/p>\n","protected":false},"author":1,"featured_media":0,"parent":0,"menu_order":0,"comment_status":"closed","ping_status":"closed","template":"","meta":{"footnotes":""},"class_list":["post-26","page","type-page","status-publish","hentry"],"_links":{"self":[{"href":"https:\/\/hasici.ledecns.cz\/index.php?rest_route=\/wp\/v2\/pages\/26","targetHints":{"allow":["GET"]}}],"collection":[{"href":"https:\/\/hasici.ledecns.cz\/index.php?rest_route=\/wp\/v2\/pages"}],"about":[{"href":"https:\/\/hasici.ledecns.cz\/index.php?rest_route=\/wp\/v2\/types\/page"}],"author":[{"embeddable":true,"href":"https:\/\/hasici.ledecns.cz\/index.php?rest_route=\/wp\/v2\/users\/1"}],"replies":[{"embeddable":true,"href":"https:\/\/hasici.ledecns.cz\/index.php?rest_route=%2Fwp%2Fv2%2Fcomments&post=26"}],"version-history":[{"count":8,"href":"https:\/\/hasici.ledecns.cz\/index.php?rest_route=\/wp\/v2\/pages\/26\/revisions"}],"predecessor-version":[{"id":986,"href":"https:\/\/hasici.ledecns.cz\/index.php?rest_route=\/wp\/v2\/pages\/26\/revisions\/986"}],"wp:attachment":[{"href":"https:\/\/hasici.ledecns.cz\/index.php?rest_route=%2Fwp%2Fv2%2Fmedia&parent=26"}],"curies":[{"name":"wp","href":"https:\/\/api.w.org\/{rel}","templated":true}]}}