{"id":41,"date":"2021-05-06T08:34:32","date_gmt":"2021-05-06T06:34:32","guid":{"rendered":"http:\/\/hasici2.ledecns.cz\/?page_id=41"},"modified":"2021-05-11T17:30:42","modified_gmt":"2021-05-11T15:30:42","slug":"oceneni","status":"publish","type":"page","link":"https:\/\/hasici.ledecns.cz\/?page_id=41","title":{"rendered":"Ocen\u011bn\u00ed"},"content":{"rendered":"<p>\u010clenov\u00e9 Sboru dobrovoln\u00fdch hasi\u010d\u016f Lede\u010d nad S\u00e1zavou b\u00fdvaj\u00ed za svoj\u00ed \u010dinnost ve sboru oce\u0148ov\u00e1ni r\u016fzn\u00fdmi institucemi a org\u00e1ny. N\u00ed\u017ee je uveden\u00fd v\u00fd\u010det ocen\u011bn\u00fdch \u010dlen\u016f. Jsou uvedena i ocen\u011bn\u00ed ud\u011blen\u00e9 p\u0159ed rokem 1989, nebo\u0165 hasi\u010dsk\u00e1 \u010dinnost \u2013 po\u017e\u00e1rn\u00ed represe ani prevence \u2013 z\u00e1chrana a ochrana majetku, zdrav\u00ed a \u017eivot\u016f \u2013 nikdy nem\u011bla skute\u010dn\u00fd politick\u00fd rozm\u011br.<\/p>\n<p><strong><a href=\"https:\/\/hasici.ledecns.cz\/doc\/dokumenty\/Oceneni_SDH.pdf\">Seznam ocen\u011bn\u00fdch \u010dlen\u016f<\/a><\/strong><\/p>\n<p>Nikoliv v\u0161ichni uveden\u00ed jsou st\u00e1le \u010dleny sboru. \u010cest pam\u00e1tce t\u011bm, kte\u0159\u00ed na\u0161e \u0159ady opustili \u0159\u00edzen\u00edm osudu. Ti, kte\u0159\u00ed opustili na\u0161e \u0159ady sv\u00fdm p\u0159i\u010din\u011bn\u00edm, nech\u0165 v\u011bd\u00ed, \u017ee jejich p\u0159edchoz\u00ed pr\u00e1ce \u010di z\u00e1sluhy nejsou pop\u00edr\u00e1ny.<\/p>\n","protected":false},"excerpt":{"rendered":"<p>\u010clenov\u00e9 Sboru dobrovoln\u00fdch hasi\u010d\u016f Lede\u010d nad S\u00e1zavou b\u00fdvaj\u00ed za svoj\u00ed \u010dinnost ve sboru oce\u0148ov\u00e1ni r\u016fzn\u00fdmi institucemi a org\u00e1ny. N\u00ed\u017ee je uveden\u00fd v\u00fd\u010det ocen\u011bn\u00fdch \u010dlen\u016f. Jsou uvedena i ocen\u011bn\u00ed ud\u011blen\u00e9 p\u0159ed rokem 1989, nebo\u0165 hasi\u010dsk\u00e1 \u010dinnost \u2013 po\u017e\u00e1rn\u00ed represe ani prevence&hellip; <br \/><a class=\"read-more-button\" href=\"https:\/\/hasici.ledecns.cz\/?page_id=41\">\u010c\u00edst v\u00edce<\/a><\/p>\n","protected":false},"author":1,"featured_media":0,"parent":0,"menu_order":0,"comment_status":"closed","ping_status":"closed","template":"","meta":{"footnotes":""},"class_list":["post-41","page","type-page","status-publish","hentry"],"_links":{"self":[{"href":"https:\/\/hasici.ledecns.cz\/index.php?rest_route=\/wp\/v2\/pages\/41","targetHints":{"allow":["GET"]}}],"collection":[{"href":"https:\/\/hasici.ledecns.cz\/index.php?rest_route=\/wp\/v2\/pages"}],"about":[{"href":"https:\/\/hasici.ledecns.cz\/index.php?rest_route=\/wp\/v2\/types\/page"}],"author":[{"embeddable":true,"href":"https:\/\/hasici.ledecns.cz\/index.php?rest_route=\/wp\/v2\/users\/1"}],"replies":[{"embeddable":true,"href":"https:\/\/hasici.ledecns.cz\/index.php?rest_route=%2Fwp%2Fv2%2Fcomments&post=41"}],"version-history":[{"count":3,"href":"https:\/\/hasici.ledecns.cz\/index.php?rest_route=\/wp\/v2\/pages\/41\/revisions"}],"predecessor-version":[{"id":114,"href":"https:\/\/hasici.ledecns.cz\/index.php?rest_route=\/wp\/v2\/pages\/41\/revisions\/114"}],"wp:attachment":[{"href":"https:\/\/hasici.ledecns.cz\/index.php?rest_route=%2Fwp%2Fv2%2Fmedia&parent=41"}],"curies":[{"name":"wp","href":"https:\/\/api.w.org\/{rel}","templated":true}]}}